{"id":5371,"date":"2024-10-17T16:30:04","date_gmt":"2024-10-17T16:30:04","guid":{"rendered":"https:\/\/rosehome.es\/producto\/rose-home-christmas-tree-red-new-york-limited-edition\/"},"modified":"2025-11-21T13:59:02","modified_gmt":"2025-11-21T13:59:02","slug":"rose-home-christmas-tree-red-new-york-limited-edition","status":"publish","type":"product","link":"https:\/\/rosehome.es\/en\/producto\/rose-home-christmas-tree-red-new-york-limited-edition\/","title":{"rendered":"Ros\u00e9 Home Christmas tree red New York LIMITED EDITION"},"content":{"rendered":"<strong>Size: <\/strong>180 cm <br><br>It will arrive folded, with the foot disassembled, with beautiful red balls that will combine with any decoration you want to add: traditional in red tones, roses for a sweeter touch, or simply a garland of lights to give it a magical touch. <br><br><strong>\u26a0 Orders are limited to one unit per customer.<\/strong> If you wish to purchase more units, please contact us. Write us at hola@rosehome.es  &nbsp;","protected":false},"excerpt":{"rendered":"<p><strong>Size:<\/strong> 180 cm <\/p>\n<p>It will arrive folded, with the foot disassembled, with beautiful red balls that will combine with any decoration you want to add: traditional in red tones, roses for a sweeter touch, or simply a garland of lights to give it a magical touch. <\/p>\n<p><strong>\u26a0 Orders are limited to one unit per customer. <\/strong>If you wish to purchase more units, please contact us. Write us at hola@rosehome.es <\/p>\n","protected":false},"featured_media":7609,"comment_status":"open","ping_status":"closed","template":"","meta":[],"product_brand":[],"product_cat":[67],"product_tag":[],"class_list":{"0":"post-5371","1":"product","2":"type-product","3":"status-publish","4":"has-post-thumbnail","6":"product_cat-christmas-trees","8":"first","9":"outofstock","10":"featured","11":"sold-individually","12":"taxable","13":"shipping-taxable","14":"purchasable","15":"product-type-simple"},"yoast_head":"<!-- This site is optimized with the Yoast SEO plugin v27.6 - https:\/\/yoast.com\/product\/yoast-seo-wordpress\/ -->\n<title>Ros\u00e9 Home Christmas tree red New York LIMITED EDITION - ROS\u00c9 HOME<\/title>\n<meta name=\"description\" content=\"It will arrive folded, with the foot disassembled, with beautiful red balls that will match any decoration you want to add.\" \/>\n<meta name=\"robots\" content=\"index, follow, max-snippet:-1, max-image-preview:large, max-video-preview:-1\" \/>\n<link rel=\"canonical\" href=\"https:\/\/rosehome.es\/en\/producto\/rose-home-christmas-tree-red-new-york-limited-edition\/\" \/>\n<meta property=\"og:locale\" content=\"en_US\" \/>\n<meta property=\"og:type\" content=\"article\" \/>\n<meta property=\"og:title\" content=\"Ros\u00e9 Home Christmas tree red New York LIMITED EDITION - ROS\u00c9 HOME\" \/>\n<meta property=\"og:description\" content=\"It will arrive folded, with the foot disassembled, with beautiful red balls that will match any decoration you want to add.\" \/>\n<meta property=\"og:url\" content=\"https:\/\/rosehome.es\/en\/producto\/rose-home-christmas-tree-red-new-york-limited-edition\/\" \/>\n<meta property=\"og:site_name\" content=\"ROS\u00c9 HOME\" \/>\n<meta property=\"article:modified_time\" content=\"2025-11-21T13:59:02+00:00\" \/>\n<meta property=\"og:image\" content=\"https:\/\/rosehome.es\/wp-content\/uploads\/2024\/10\/Arbol-de-Navidad-Rose-Home-rojo-1.png\" \/>\n\t<meta property=\"og:image:width\" content=\"800\" \/>\n\t<meta property=\"og:image:height\" content=\"800\" \/>\n\t<meta property=\"og:image:type\" content=\"image\/png\" \/>\n<meta name=\"twitter:card\" content=\"summary_large_image\" \/>\n<script type=\"application\/ld+json\" class=\"yoast-schema-graph\">{\"@context\":\"https:\\\/\\\/schema.org\",\"@graph\":[{\"@type\":\"WebPage\",\"@id\":\"https:\\\/\\\/rosehome.es\\\/en\\\/producto\\\/rose-home-christmas-tree-red-new-york-limited-edition\\\/\",\"url\":\"https:\\\/\\\/rosehome.es\\\/en\\\/producto\\\/rose-home-christmas-tree-red-new-york-limited-edition\\\/\",\"name\":\"Ros\u00e9 Home Christmas tree red New York LIMITED EDITION - ROS\u00c9 HOME\",\"isPartOf\":{\"@id\":\"https:\\\/\\\/rosehome.es\\\/#website\"},\"primaryImageOfPage\":{\"@id\":\"https:\\\/\\\/rosehome.es\\\/en\\\/producto\\\/rose-home-christmas-tree-red-new-york-limited-edition\\\/#primaryimage\"},\"image\":{\"@id\":\"https:\\\/\\\/rosehome.es\\\/en\\\/producto\\\/rose-home-christmas-tree-red-new-york-limited-edition\\\/#primaryimage\"},\"thumbnailUrl\":\"https:\\\/\\\/rosehome.es\\\/wp-content\\\/uploads\\\/2024\\\/10\\\/Arbol-Rosa-Paris-2.jpeg\",\"datePublished\":\"2024-10-17T16:30:04+00:00\",\"dateModified\":\"2025-11-21T13:59:02+00:00\",\"description\":\"It will arrive folded, with the foot disassembled, with beautiful red balls that will match any decoration you want to add.\",\"breadcrumb\":{\"@id\":\"https:\\\/\\\/rosehome.es\\\/en\\\/producto\\\/rose-home-christmas-tree-red-new-york-limited-edition\\\/#breadcrumb\"},\"inLanguage\":\"en-US\",\"potentialAction\":[{\"@type\":\"ReadAction\",\"target\":[\"https:\\\/\\\/rosehome.es\\\/en\\\/producto\\\/rose-home-christmas-tree-red-new-york-limited-edition\\\/\"]}]},{\"@type\":\"ImageObject\",\"inLanguage\":\"en-US\",\"@id\":\"https:\\\/\\\/rosehome.es\\\/en\\\/producto\\\/rose-home-christmas-tree-red-new-york-limited-edition\\\/#primaryimage\",\"url\":\"https:\\\/\\\/rosehome.es\\\/wp-content\\\/uploads\\\/2024\\\/10\\\/Arbol-Rosa-Paris-2.jpeg\",\"contentUrl\":\"https:\\\/\\\/rosehome.es\\\/wp-content\\\/uploads\\\/2024\\\/10\\\/Arbol-Rosa-Paris-2.jpeg\",\"width\":484,\"height\":610},{\"@type\":\"BreadcrumbList\",\"@id\":\"https:\\\/\\\/rosehome.es\\\/en\\\/producto\\\/rose-home-christmas-tree-red-new-york-limited-edition\\\/#breadcrumb\",\"itemListElement\":[{\"@type\":\"ListItem\",\"position\":1,\"name\":\"Portada\",\"item\":\"https:\\\/\\\/rosehome.es\\\/en\\\/rose-home\\\/\"},{\"@type\":\"ListItem\",\"position\":2,\"name\":\"Ros\u00e9 Home Christmas tree red New York LIMITED EDITION\"}]},{\"@type\":\"WebSite\",\"@id\":\"https:\\\/\\\/rosehome.es\\\/#website\",\"url\":\"https:\\\/\\\/rosehome.es\\\/\",\"name\":\"ROS\u00c9 HOME\",\"description\":\"El \u00e1rbol de Navidad m\u00e1s m\u00e1gico\",\"publisher\":{\"@id\":\"https:\\\/\\\/rosehome.es\\\/#organization\"},\"potentialAction\":[{\"@type\":\"SearchAction\",\"target\":{\"@type\":\"EntryPoint\",\"urlTemplate\":\"https:\\\/\\\/rosehome.es\\\/?s={search_term_string}\"},\"query-input\":{\"@type\":\"PropertyValueSpecification\",\"valueRequired\":true,\"valueName\":\"search_term_string\"}}],\"inLanguage\":\"en-US\"},{\"@type\":\"Organization\",\"@id\":\"https:\\\/\\\/rosehome.es\\\/#organization\",\"name\":\"ROS\u00c9 HOME\",\"url\":\"https:\\\/\\\/rosehome.es\\\/\",\"logo\":{\"@type\":\"ImageObject\",\"inLanguage\":\"en-US\",\"@id\":\"https:\\\/\\\/rosehome.es\\\/#\\\/schema\\\/logo\\\/image\\\/\",\"url\":\"https:\\\/\\\/rosehome.es\\\/wp-content\\\/uploads\\\/2022\\\/06\\\/ROS_C3_89.png\",\"contentUrl\":\"https:\\\/\\\/rosehome.es\\\/wp-content\\\/uploads\\\/2022\\\/06\\\/ROS_C3_89.png\",\"width\":1634,\"height\":665,\"caption\":\"ROS\u00c9 HOME\"},\"image\":{\"@id\":\"https:\\\/\\\/rosehome.es\\\/#\\\/schema\\\/logo\\\/image\\\/\"}}]}<\/script>\n<!-- \/ Yoast SEO plugin. -->","yoast_head_json":{"title":"Ros\u00e9 Home Christmas tree red New York LIMITED EDITION - ROS\u00c9 HOME","description":"It will arrive folded, with the foot disassembled, with beautiful red balls that will match any decoration you want to add.","robots":{"index":"index","follow":"follow","max-snippet":"max-snippet:-1","max-image-preview":"max-image-preview:large","max-video-preview":"max-video-preview:-1"},"canonical":"https:\/\/rosehome.es\/en\/producto\/rose-home-christmas-tree-red-new-york-limited-edition\/","og_locale":"en_US","og_type":"article","og_title":"Ros\u00e9 Home Christmas tree red New York LIMITED EDITION - ROS\u00c9 HOME","og_description":"It will arrive folded, with the foot disassembled, with beautiful red balls that will match any decoration you want to add.","og_url":"https:\/\/rosehome.es\/en\/producto\/rose-home-christmas-tree-red-new-york-limited-edition\/","og_site_name":"ROS\u00c9 HOME","article_modified_time":"2025-11-21T13:59:02+00:00","og_image":[{"width":800,"height":800,"url":"https:\/\/rosehome.es\/wp-content\/uploads\/2024\/10\/Arbol-de-Navidad-Rose-Home-rojo-1.png","type":"image\/png"}],"twitter_card":"summary_large_image","schema":{"@context":"https:\/\/schema.org","@graph":[{"@type":"WebPage","@id":"https:\/\/rosehome.es\/en\/producto\/rose-home-christmas-tree-red-new-york-limited-edition\/","url":"https:\/\/rosehome.es\/en\/producto\/rose-home-christmas-tree-red-new-york-limited-edition\/","name":"Ros\u00e9 Home Christmas tree red New York LIMITED EDITION - ROS\u00c9 HOME","isPartOf":{"@id":"https:\/\/rosehome.es\/#website"},"primaryImageOfPage":{"@id":"https:\/\/rosehome.es\/en\/producto\/rose-home-christmas-tree-red-new-york-limited-edition\/#primaryimage"},"image":{"@id":"https:\/\/rosehome.es\/en\/producto\/rose-home-christmas-tree-red-new-york-limited-edition\/#primaryimage"},"thumbnailUrl":"https:\/\/rosehome.es\/wp-content\/uploads\/2024\/10\/Arbol-Rosa-Paris-2.jpeg","datePublished":"2024-10-17T16:30:04+00:00","dateModified":"2025-11-21T13:59:02+00:00","description":"It will arrive folded, with the foot disassembled, with beautiful red balls that will match any decoration you want to add.","breadcrumb":{"@id":"https:\/\/rosehome.es\/en\/producto\/rose-home-christmas-tree-red-new-york-limited-edition\/#breadcrumb"},"inLanguage":"en-US","potentialAction":[{"@type":"ReadAction","target":["https:\/\/rosehome.es\/en\/producto\/rose-home-christmas-tree-red-new-york-limited-edition\/"]}]},{"@type":"ImageObject","inLanguage":"en-US","@id":"https:\/\/rosehome.es\/en\/producto\/rose-home-christmas-tree-red-new-york-limited-edition\/#primaryimage","url":"https:\/\/rosehome.es\/wp-content\/uploads\/2024\/10\/Arbol-Rosa-Paris-2.jpeg","contentUrl":"https:\/\/rosehome.es\/wp-content\/uploads\/2024\/10\/Arbol-Rosa-Paris-2.jpeg","width":484,"height":610},{"@type":"BreadcrumbList","@id":"https:\/\/rosehome.es\/en\/producto\/rose-home-christmas-tree-red-new-york-limited-edition\/#breadcrumb","itemListElement":[{"@type":"ListItem","position":1,"name":"Portada","item":"https:\/\/rosehome.es\/en\/rose-home\/"},{"@type":"ListItem","position":2,"name":"Ros\u00e9 Home Christmas tree red New York LIMITED EDITION"}]},{"@type":"WebSite","@id":"https:\/\/rosehome.es\/#website","url":"https:\/\/rosehome.es\/","name":"ROS\u00c9 HOME","description":"El \u00e1rbol de Navidad m\u00e1s m\u00e1gico","publisher":{"@id":"https:\/\/rosehome.es\/#organization"},"potentialAction":[{"@type":"SearchAction","target":{"@type":"EntryPoint","urlTemplate":"https:\/\/rosehome.es\/?s={search_term_string}"},"query-input":{"@type":"PropertyValueSpecification","valueRequired":true,"valueName":"search_term_string"}}],"inLanguage":"en-US"},{"@type":"Organization","@id":"https:\/\/rosehome.es\/#organization","name":"ROS\u00c9 HOME","url":"https:\/\/rosehome.es\/","logo":{"@type":"ImageObject","inLanguage":"en-US","@id":"https:\/\/rosehome.es\/#\/schema\/logo\/image\/","url":"https:\/\/rosehome.es\/wp-content\/uploads\/2022\/06\/ROS_C3_89.png","contentUrl":"https:\/\/rosehome.es\/wp-content\/uploads\/2022\/06\/ROS_C3_89.png","width":1634,"height":665,"caption":"ROS\u00c9 HOME"},"image":{"@id":"https:\/\/rosehome.es\/#\/schema\/logo\/image\/"}}]}},"_links":{"self":[{"href":"https:\/\/rosehome.es\/en\/wp-json\/wp\/v2\/product\/5371","targetHints":{"allow":["GET"]}}],"collection":[{"href":"https:\/\/rosehome.es\/en\/wp-json\/wp\/v2\/product"}],"about":[{"href":"https:\/\/rosehome.es\/en\/wp-json\/wp\/v2\/types\/product"}],"replies":[{"embeddable":true,"href":"https:\/\/rosehome.es\/en\/wp-json\/wp\/v2\/comments?post=5371"}],"wp:featuredmedia":[{"embeddable":true,"href":"https:\/\/rosehome.es\/en\/wp-json\/wp\/v2\/media\/7609"}],"wp:attachment":[{"href":"https:\/\/rosehome.es\/en\/wp-json\/wp\/v2\/media?parent=5371"}],"wp:term":[{"taxonomy":"product_brand","embeddable":true,"href":"https:\/\/rosehome.es\/en\/wp-json\/wp\/v2\/product_brand?post=5371"},{"taxonomy":"product_cat","embeddable":true,"href":"https:\/\/rosehome.es\/en\/wp-json\/wp\/v2\/product_cat?post=5371"},{"taxonomy":"product_tag","embeddable":true,"href":"https:\/\/rosehome.es\/en\/wp-json\/wp\/v2\/product_tag?post=5371"}],"curies":[{"name":"wp","href":"https:\/\/api.w.org\/{rel}","templated":true}]}}